{"id":1434,"date":"2021-11-25T15:16:16","date_gmt":"2021-11-25T18:16:16","guid":{"rendered":"http:\/\/feiradosagrado.com.br\/?post_type=product&#038;p=1434"},"modified":"2021-11-26T08:45:26","modified_gmt":"2021-11-26T11:45:26","slug":"blackpim","status":"publish","type":"product","link":"https:\/\/feiradosagrado.com.br\/?product=blackpim","title":{"rendered":"Blackpim"},"content":{"rendered":"","protected":false},"excerpt":{"rendered":"<p><strong>Blackpim Original<\/strong><\/p>\n<p>Marca criada em 2013 por Pablo Santos para difundir as suas cria\u00e7\u00f5es inspiradas na sua religi\u00e3o, o Candombl\u00e9, e tamb\u00e9m no Movimento Negro. Em 2016 Iele Portugal junta-se a Pablo na empresa familiar: Pablo, hoje estudante de design, com as cria\u00e7\u00f5es e Iele, jornalista e pedagoga cuida da administra\u00e7\u00e3o. Com estampas que refor\u00e7am suas origens negra e nordestina a Blackpim oferece produtos diferenciados como camisetas em diferentes modelagens, bon\u00e9s, mochilas, bolsas, planners, quadros, chaveiros em a\u00e7o inox para todas as pessoas que se identificam e valorizam a cultura negra.<\/p>\n<p><strong>Telefone: 71 992395903<\/strong><\/p>\n<p><strong>E-mail:<\/strong> yellyportugal@gmail.com<\/p>\n<p><strong>Site:<\/strong> https:\/\/vistasuacor.minestore.com.br\/<\/p>\n<p><a href=\"https:\/\/www.instagram.com\/blackpim.original\/\"><img decoding=\"async\" class=\"alignnone wp-image-1435\" src=\"http:\/\/feiradosagrado.com.br\/wp-content\/uploads\/2021\/11\/BLCPIMKT.png\" alt=\"\" width=\"195\" height=\"23\" \/><\/a><\/p>\n<p><a href=\"https:\/\/www.facebook.com\/blackpim.original\"><img decoding=\"async\" class=\"alignnone wp-image-1261\" src=\"http:\/\/feiradosagrado.com.br\/wp-content\/uploads\/2021\/11\/FACBARA.png\" alt=\"\" width=\"175\" height=\"34\" \/><\/a><\/p>\n<p><a href=\"http:\/\/feiradosagrado.com.br\/wp-content\/uploads\/2021\/07\/WHATSAPPCOMP.png\"><img decoding=\"async\" class=\"alignnone wp-image-1121\" src=\"http:\/\/feiradosagrado.com.br\/wp-content\/uploads\/2021\/07\/WHATSAPPCOMP-300x136.png\" alt=\"\" width=\"207\" height=\"94\" srcset=\"https:\/\/feiradosagrado.com.br\/wp-content\/uploads\/2021\/07\/WHATSAPPCOMP-300x136.png 300w, https:\/\/feiradosagrado.com.br\/wp-content\/uploads\/2021\/07\/WHATSAPPCOMP-1024x465.png 1024w, https:\/\/feiradosagrado.com.br\/wp-content\/uploads\/2021\/07\/WHATSAPPCOMP-768x349.png 768w, https:\/\/feiradosagrado.com.br\/wp-content\/uploads\/2021\/07\/WHATSAPPCOMP-1536x698.png 1536w, https:\/\/feiradosagrado.com.br\/wp-content\/uploads\/2021\/07\/WHATSAPPCOMP-1200x545.png 1200w, https:\/\/feiradosagrado.com.br\/wp-content\/uploads\/2021\/07\/WHATSAPPCOMP-600x273.png 600w, https:\/\/feiradosagrado.com.br\/wp-content\/uploads\/2021\/07\/WHATSAPPCOMP.png 1765w\" sizes=\"(max-width: 207px) 100vw, 207px\" \/><\/a><\/p>\n","protected":false},"featured_media":1436,"comment_status":"open","ping_status":"closed","template":"","meta":[],"product_brand":[],"product_cat":[74,29,69],"product_tag":[61,58,196,199,197,198,55],"class_list":{"0":"post-1434","1":"product","2":"type-product","3":"status-publish","4":"has-post-thumbnail","6":"product_cat-moda-afro","7":"product_cat-roupas","8":"product_cat-silk-screen","9":"product_tag-bolsas","10":"product_tag-bones","11":"product_tag-camisetas","12":"product_tag-chaveiros-em-aco-inox","13":"product_tag-mochilas","14":"product_tag-planners","15":"product_tag-quadros","16":"pa_marca-blackpim-original","18":"first","19":"instock","20":"shipping-taxable","21":"product-type-simple"},"_links":{"self":[{"href":"https:\/\/feiradosagrado.com.br\/index.php?rest_route=\/wp\/v2\/product\/1434","targetHints":{"allow":["GET"]}}],"collection":[{"href":"https:\/\/feiradosagrado.com.br\/index.php?rest_route=\/wp\/v2\/product"}],"about":[{"href":"https:\/\/feiradosagrado.com.br\/index.php?rest_route=\/wp\/v2\/types\/product"}],"replies":[{"embeddable":true,"href":"https:\/\/feiradosagrado.com.br\/index.php?rest_route=%2Fwp%2Fv2%2Fcomments&post=1434"}],"wp:featuredmedia":[{"embeddable":true,"href":"https:\/\/feiradosagrado.com.br\/index.php?rest_route=\/wp\/v2\/media\/1436"}],"wp:attachment":[{"href":"https:\/\/feiradosagrado.com.br\/index.php?rest_route=%2Fwp%2Fv2%2Fmedia&parent=1434"}],"wp:term":[{"taxonomy":"product_brand","embeddable":true,"href":"https:\/\/feiradosagrado.com.br\/index.php?rest_route=%2Fwp%2Fv2%2Fproduct_brand&post=1434"},{"taxonomy":"product_cat","embeddable":true,"href":"https:\/\/feiradosagrado.com.br\/index.php?rest_route=%2Fwp%2Fv2%2Fproduct_cat&post=1434"},{"taxonomy":"product_tag","embeddable":true,"href":"https:\/\/feiradosagrado.com.br\/index.php?rest_route=%2Fwp%2Fv2%2Fproduct_tag&post=1434"}],"curies":[{"name":"wp","href":"https:\/\/api.w.org\/{rel}","templated":true}]}}