{"id":1419,"date":"2021-11-25T14:58:48","date_gmt":"2021-11-25T17:58:48","guid":{"rendered":"http:\/\/feiradosagrado.com.br\/?post_type=product&#038;p=1419"},"modified":"2021-11-26T08:46:23","modified_gmt":"2021-11-26T11:46:23","slug":"flor-de-oya-atelie","status":"publish","type":"product","link":"https:\/\/feiradosagrado.com.br\/?product=flor-de-oya-atelie","title":{"rendered":"Flor de Oy\u00e1 Ateli\u00ea"},"content":{"rendered":"","protected":false},"excerpt":{"rendered":"<p>A Flor de Oy\u00e1 nasce do desejo de propor uma maior liga\u00e7\u00e3o com as pr\u00e1ticas espiritualistas e energias curativas, seja pela ora\u00e7\u00e3o, pela medita\u00e7\u00e3o ou conex\u00e3o com um ambiente livre de vibra\u00e7\u00f5es nocivas. E existem elementos que realmente ir\u00e3o te ajudar. Eles podem ser purificantes, energizantes, equilibradores, e at\u00e9 de prote\u00e7\u00e3o.<\/p>\n<p>Tudo isso atrav\u00e9s de produtos que te conectam com a sua f\u00e9, como os Japamalas, guias, ter\u00e7os, escapul\u00e1rios, cristais, tern\u00e1rios, pequenos jardins, banhos, ess\u00eancias, incensos, patu\u00e1s, e principalmente a energia mais curativa que existe: O AMOR!<\/p>\n<p>N\u00e3o importa qual a sua cren\u00e7a, e sim como voc\u00ea se harmoniza com ela.<br \/>\nPor aqui acreditamos que toda f\u00e9 \u00e9 de bem!<\/p>\n<p>Pode chegar!<\/p>\n<p>Telefone 71 99352-6752<\/p>\n<p>Por:\u00a0Grazi Mascarenhas e Cris Ribeiro<\/p>\n<p><a href=\"https:\/\/www.instagram.com\/flordeoya.atelie\/\"><img decoding=\"async\" class=\"alignnone wp-image-1421\" src=\"http:\/\/feiradosagrado.com.br\/wp-content\/uploads\/2021\/11\/FLOOYAATL.png\" alt=\"\" width=\"181\" height=\"23\" \/><\/a><\/p>\n<p><a href=\"http:\/\/feiradosagrado.com.br\/wp-content\/uploads\/2021\/07\/WHATSAPPCOMP.png\"><img decoding=\"async\" class=\"alignnone wp-image-1121\" src=\"http:\/\/feiradosagrado.com.br\/wp-content\/uploads\/2021\/07\/WHATSAPPCOMP-300x136.png\" alt=\"\" width=\"199\" height=\"90\" srcset=\"https:\/\/feiradosagrado.com.br\/wp-content\/uploads\/2021\/07\/WHATSAPPCOMP-300x136.png 300w, https:\/\/feiradosagrado.com.br\/wp-content\/uploads\/2021\/07\/WHATSAPPCOMP-1024x465.png 1024w, https:\/\/feiradosagrado.com.br\/wp-content\/uploads\/2021\/07\/WHATSAPPCOMP-768x349.png 768w, https:\/\/feiradosagrado.com.br\/wp-content\/uploads\/2021\/07\/WHATSAPPCOMP-1536x698.png 1536w, https:\/\/feiradosagrado.com.br\/wp-content\/uploads\/2021\/07\/WHATSAPPCOMP-1200x545.png 1200w, https:\/\/feiradosagrado.com.br\/wp-content\/uploads\/2021\/07\/WHATSAPPCOMP-600x273.png 600w, https:\/\/feiradosagrado.com.br\/wp-content\/uploads\/2021\/07\/WHATSAPPCOMP.png 1765w\" sizes=\"(max-width: 199px) 100vw, 199px\" \/><\/a><\/p>\n","protected":false},"featured_media":1420,"comment_status":"open","ping_status":"closed","template":"","meta":[],"product_brand":[],"product_cat":[176,121],"product_tag":[190,188,192,180,193,183,187,191,182,185,184,194,181,186,189],"class_list":{"0":"post-1419","1":"product","2":"type-product","3":"status-publish","4":"has-post-thumbnail","6":"product_cat-artigos-religiosos","7":"product_cat-atelie","8":"product_tag-banhos","9":"product_tag-cristais","10":"product_tag-energizantes","11":"product_tag-epiritualistas","12":"product_tag-equilibradores","13":"product_tag-ernergia-curativas","14":"product_tag-escapulario","15":"product_tag-essencias","16":"product_tag-flor-de-oya","17":"product_tag-guias","18":"product_tag-japamalas","19":"product_tag-protecao","20":"product_tag-religiao","21":"product_tag-tercos","22":"product_tag-ternarios","23":"pa_marca-flor-de-oya-atelie","25":"first","26":"instock","27":"shipping-taxable","28":"product-type-simple"},"_links":{"self":[{"href":"https:\/\/feiradosagrado.com.br\/index.php?rest_route=\/wp\/v2\/product\/1419","targetHints":{"allow":["GET"]}}],"collection":[{"href":"https:\/\/feiradosagrado.com.br\/index.php?rest_route=\/wp\/v2\/product"}],"about":[{"href":"https:\/\/feiradosagrado.com.br\/index.php?rest_route=\/wp\/v2\/types\/product"}],"replies":[{"embeddable":true,"href":"https:\/\/feiradosagrado.com.br\/index.php?rest_route=%2Fwp%2Fv2%2Fcomments&post=1419"}],"wp:featuredmedia":[{"embeddable":true,"href":"https:\/\/feiradosagrado.com.br\/index.php?rest_route=\/wp\/v2\/media\/1420"}],"wp:attachment":[{"href":"https:\/\/feiradosagrado.com.br\/index.php?rest_route=%2Fwp%2Fv2%2Fmedia&parent=1419"}],"wp:term":[{"taxonomy":"product_brand","embeddable":true,"href":"https:\/\/feiradosagrado.com.br\/index.php?rest_route=%2Fwp%2Fv2%2Fproduct_brand&post=1419"},{"taxonomy":"product_cat","embeddable":true,"href":"https:\/\/feiradosagrado.com.br\/index.php?rest_route=%2Fwp%2Fv2%2Fproduct_cat&post=1419"},{"taxonomy":"product_tag","embeddable":true,"href":"https:\/\/feiradosagrado.com.br\/index.php?rest_route=%2Fwp%2Fv2%2Fproduct_tag&post=1419"}],"curies":[{"name":"wp","href":"https:\/\/api.w.org\/{rel}","templated":true}]}}