{"id":1396,"date":"2021-11-25T14:40:12","date_gmt":"2021-11-25T17:40:12","guid":{"rendered":"http:\/\/feiradosagrado.com.br\/?post_type=product&#038;p=1396"},"modified":"2021-11-26T08:47:05","modified_gmt":"2021-11-26T11:47:05","slug":"mercado-negro-katuka","status":"publish","type":"product","link":"https:\/\/feiradosagrado.com.br\/?product=mercado-negro-katuka","title":{"rendered":"Mercado Negro Katuka"},"content":{"rendered":"","protected":false},"excerpt":{"rendered":"<p>Arte, literatura, moda e artigos religiosos de matriz africana. Um interc\u00e2mbio de viv\u00eancias negras escritas por v\u00e1rias \u00c1fricas e muitos Brasis.<\/p>\n<p><strong>Facebook:<\/strong> Facebook.com\/KatukaMercadoNegro<\/p>\n<p><strong>Whatsapp:<\/strong> (71) 98548-8808<\/p>\n<p><strong>Telefone:<\/strong> 71 3322-1634<\/p>\n<p><strong>Atendimento:<\/strong> Segunda a sexta 9h \u00e0s 17h, s\u00e1bado 9h \u00e0s 14h30.<\/p>\n<p><strong>E-mail:<\/strong> <a href=\"mailto:lojas@katuka.com\">lojas@katuka.com<\/a><\/p>\n<p><a href=\"https:\/\/www.instagram.com\/mercadonegrokatuka\/\"><img decoding=\"async\" class=\"alignnone wp-image-1397\" src=\"http:\/\/feiradosagrado.com.br\/wp-content\/uploads\/2021\/11\/MERNEGKAT.png\" alt=\"\" width=\"202\" height=\"20\" \/><\/a><\/p>\n<p><a href=\"https:\/\/api.whatsapp.com\/send\/?phone=71985488808&amp;text&amp;app_absent=0\"><img decoding=\"async\" class=\"alignnone wp-image-1121\" src=\"http:\/\/feiradosagrado.com.br\/wp-content\/uploads\/2021\/07\/WHATSAPPCOMP-300x136.png\" alt=\"\" width=\"212\" height=\"96\" srcset=\"https:\/\/feiradosagrado.com.br\/wp-content\/uploads\/2021\/07\/WHATSAPPCOMP-300x136.png 300w, https:\/\/feiradosagrado.com.br\/wp-content\/uploads\/2021\/07\/WHATSAPPCOMP-1024x465.png 1024w, https:\/\/feiradosagrado.com.br\/wp-content\/uploads\/2021\/07\/WHATSAPPCOMP-768x349.png 768w, https:\/\/feiradosagrado.com.br\/wp-content\/uploads\/2021\/07\/WHATSAPPCOMP-1536x698.png 1536w, https:\/\/feiradosagrado.com.br\/wp-content\/uploads\/2021\/07\/WHATSAPPCOMP-1200x545.png 1200w, https:\/\/feiradosagrado.com.br\/wp-content\/uploads\/2021\/07\/WHATSAPPCOMP-600x273.png 600w, https:\/\/feiradosagrado.com.br\/wp-content\/uploads\/2021\/07\/WHATSAPPCOMP.png 1765w\" sizes=\"(max-width: 212px) 100vw, 212px\" \/><\/a><\/p>\n<p><strong>Endere\u00e7o:<\/strong> Pra\u00e7a da S\u00e9, n\u00ba 1, Centro. Salvador \u2013 Bahia (em frente ao Museu da Miseric\u00f3rdia).<\/p>\n","protected":false},"featured_media":1398,"comment_status":"open","ping_status":"closed","template":"","meta":[],"product_brand":[],"product_cat":[56,176,79,175,74],"product_tag":[91,178,177,143,76],"class_list":{"0":"post-1396","1":"product","2":"type-product","3":"status-publish","4":"has-post-thumbnail","6":"product_cat-acessorios-e-artes","7":"product_cat-artigos-religiosos","8":"product_cat-cultura-e-pesquisa","9":"product_cat-literatura","10":"product_cat-moda-afro","11":"product_tag-arte","12":"product_tag-artigos-religiosos","13":"product_tag-literatura","14":"product_tag-matriz-africana","15":"product_tag-moda","16":"pa_marca-mercado-negro-katuka","18":"first","19":"instock","20":"shipping-taxable","21":"product-type-simple"},"_links":{"self":[{"href":"https:\/\/feiradosagrado.com.br\/index.php?rest_route=\/wp\/v2\/product\/1396","targetHints":{"allow":["GET"]}}],"collection":[{"href":"https:\/\/feiradosagrado.com.br\/index.php?rest_route=\/wp\/v2\/product"}],"about":[{"href":"https:\/\/feiradosagrado.com.br\/index.php?rest_route=\/wp\/v2\/types\/product"}],"replies":[{"embeddable":true,"href":"https:\/\/feiradosagrado.com.br\/index.php?rest_route=%2Fwp%2Fv2%2Fcomments&post=1396"}],"wp:featuredmedia":[{"embeddable":true,"href":"https:\/\/feiradosagrado.com.br\/index.php?rest_route=\/wp\/v2\/media\/1398"}],"wp:attachment":[{"href":"https:\/\/feiradosagrado.com.br\/index.php?rest_route=%2Fwp%2Fv2%2Fmedia&parent=1396"}],"wp:term":[{"taxonomy":"product_brand","embeddable":true,"href":"https:\/\/feiradosagrado.com.br\/index.php?rest_route=%2Fwp%2Fv2%2Fproduct_brand&post=1396"},{"taxonomy":"product_cat","embeddable":true,"href":"https:\/\/feiradosagrado.com.br\/index.php?rest_route=%2Fwp%2Fv2%2Fproduct_cat&post=1396"},{"taxonomy":"product_tag","embeddable":true,"href":"https:\/\/feiradosagrado.com.br\/index.php?rest_route=%2Fwp%2Fv2%2Fproduct_tag&post=1396"}],"curies":[{"name":"wp","href":"https:\/\/api.w.org\/{rel}","templated":true}]}}