{"id":1383,"date":"2021-11-25T14:34:49","date_gmt":"2021-11-25T17:34:49","guid":{"rendered":"http:\/\/feiradosagrado.com.br\/?post_type=product&#038;p=1383"},"modified":"2021-11-26T08:47:59","modified_gmt":"2021-11-26T11:47:59","slug":"andrea-barbosa-joias","status":"publish","type":"product","link":"https:\/\/feiradosagrado.com.br\/?product=andrea-barbosa-joias","title":{"rendered":"Andrea Barbosa Joias"},"content":{"rendered":"","protected":false},"excerpt":{"rendered":"<p>Andr\u00e9a Barbosa dedica-se a um of\u00edcio de fam\u00edlia: a ourivesaria. Come\u00e7ou administrando com seu pai e irm\u00e3o a Bahia Gemas e Joias onde aprofundou sua rela\u00e7\u00e3o com as cria\u00e7\u00f5es feitas com pedras e metais. Passou ent\u00e3o a utilizar seu oficio para enaltecer a cultura afro-brasileira atrav\u00e9s de suas cria\u00e7\u00f5es de joias artesanais. Expondo e vendendo suas produ\u00e7\u00f5es Andr\u00e9a j\u00e1 participou da F\u00e1brica do Carnaval, 1\u00aa Feira de Economia do Sagrado, Alaimd\u00ea Xir\u00ea entre outros espa\u00e7os.<\/p>\n<p><strong>Telefone: (71) <\/strong>99916-0015<\/p>\n<p><strong>E-mail:<\/strong> <a href=\"mailto:andrea21.barbosa@hotmail.com\">andrea21.barbosa@hotmail.com<\/a><\/p>\n<p><a href=\"https:\/\/www.instagram.com\/andreabarbosajoias\/\"><img decoding=\"async\" class=\"alignnone wp-image-1395\" src=\"http:\/\/feiradosagrado.com.br\/wp-content\/uploads\/2021\/11\/ANDBRBROC-1.png\" alt=\"\" width=\"221\" height=\"23\" \/><\/a><\/p>\n<p><a href=\"facebook.com\/andreabarbosajoias\"><img decoding=\"async\" class=\"alignnone wp-image-1261\" src=\"http:\/\/feiradosagrado.com.br\/wp-content\/uploads\/2021\/11\/FACBARA.png\" alt=\"\" width=\"195\" height=\"38\" \/><\/a><\/p>\n<p><a href=\"http:\/\/feiradosagrado.com.br\/wp-content\/uploads\/2021\/07\/WHATSAPPCOMP.png\"><img decoding=\"async\" class=\"alignnone wp-image-1121\" src=\"http:\/\/feiradosagrado.com.br\/wp-content\/uploads\/2021\/07\/WHATSAPPCOMP-300x136.png\" alt=\"\" width=\"210\" height=\"95\" srcset=\"https:\/\/feiradosagrado.com.br\/wp-content\/uploads\/2021\/07\/WHATSAPPCOMP-300x136.png 300w, https:\/\/feiradosagrado.com.br\/wp-content\/uploads\/2021\/07\/WHATSAPPCOMP-1024x465.png 1024w, https:\/\/feiradosagrado.com.br\/wp-content\/uploads\/2021\/07\/WHATSAPPCOMP-768x349.png 768w, https:\/\/feiradosagrado.com.br\/wp-content\/uploads\/2021\/07\/WHATSAPPCOMP-1536x698.png 1536w, https:\/\/feiradosagrado.com.br\/wp-content\/uploads\/2021\/07\/WHATSAPPCOMP-1200x545.png 1200w, https:\/\/feiradosagrado.com.br\/wp-content\/uploads\/2021\/07\/WHATSAPPCOMP-600x273.png 600w, https:\/\/feiradosagrado.com.br\/wp-content\/uploads\/2021\/07\/WHATSAPPCOMP.png 1765w\" sizes=\"(max-width: 210px) 100vw, 210px\" \/><\/a><\/p>\n","protected":false},"featured_media":1385,"comment_status":"open","ping_status":"closed","template":"","meta":[],"product_brand":[],"product_cat":[28,31],"product_tag":[66,173,172,170,154,171,157,169],"class_list":{"0":"post-1383","1":"product","2":"type-product","3":"status-publish","4":"has-post-thumbnail","6":"product_cat-bijuterias","7":"product_cat-joias","8":"product_tag-acessorios","9":"product_tag-aliancas","10":"product_tag-aneis","11":"product_tag-bijuterias","12":"product_tag-brincos","13":"product_tag-colar","14":"product_tag-gargantilhas","15":"product_tag-joias","16":"pa_marca-andrea-barbosa-joias","18":"first","19":"instock","20":"shipping-taxable","21":"product-type-simple"},"_links":{"self":[{"href":"https:\/\/feiradosagrado.com.br\/index.php?rest_route=\/wp\/v2\/product\/1383","targetHints":{"allow":["GET"]}}],"collection":[{"href":"https:\/\/feiradosagrado.com.br\/index.php?rest_route=\/wp\/v2\/product"}],"about":[{"href":"https:\/\/feiradosagrado.com.br\/index.php?rest_route=\/wp\/v2\/types\/product"}],"replies":[{"embeddable":true,"href":"https:\/\/feiradosagrado.com.br\/index.php?rest_route=%2Fwp%2Fv2%2Fcomments&post=1383"}],"wp:featuredmedia":[{"embeddable":true,"href":"https:\/\/feiradosagrado.com.br\/index.php?rest_route=\/wp\/v2\/media\/1385"}],"wp:attachment":[{"href":"https:\/\/feiradosagrado.com.br\/index.php?rest_route=%2Fwp%2Fv2%2Fmedia&parent=1383"}],"wp:term":[{"taxonomy":"product_brand","embeddable":true,"href":"https:\/\/feiradosagrado.com.br\/index.php?rest_route=%2Fwp%2Fv2%2Fproduct_brand&post=1383"},{"taxonomy":"product_cat","embeddable":true,"href":"https:\/\/feiradosagrado.com.br\/index.php?rest_route=%2Fwp%2Fv2%2Fproduct_cat&post=1383"},{"taxonomy":"product_tag","embeddable":true,"href":"https:\/\/feiradosagrado.com.br\/index.php?rest_route=%2Fwp%2Fv2%2Fproduct_tag&post=1383"}],"curies":[{"name":"wp","href":"https:\/\/api.w.org\/{rel}","templated":true}]}}