{"id":1301,"date":"2021-11-24T19:25:33","date_gmt":"2021-11-24T22:25:33","guid":{"rendered":"http:\/\/feiradosagrado.com.br\/?post_type=product&#038;p=1301"},"modified":"2021-11-26T09:05:30","modified_gmt":"2021-11-26T12:05:30","slug":"ororo-artes","status":"publish","type":"product","link":"https:\/\/feiradosagrado.com.br\/?product=ororo-artes","title":{"rendered":"Oror\u00f4 Artes"},"content":{"rendered":"","protected":false},"excerpt":{"rendered":"<p>Esculturas, canecas, enfeites. Todos ligados a religi\u00e3o de matriz africana. Produ\u00e7\u00e3o de orix\u00e1s em porcelana fria, moldado a m\u00e3o e vestido com aproveitamento de tecidos da pr\u00f3pria roupa do orix\u00e1.<\/p>\n<p><strong>Telefone: <\/strong>71 98837-7187<\/p>\n<p><a href=\"https:\/\/www.instagram.com\/ororoartes\/\"><img decoding=\"async\" class=\"alignnone wp-image-1302\" src=\"http:\/\/feiradosagrado.com.br\/wp-content\/uploads\/2021\/11\/ORORTGART.png\" alt=\"\" width=\"173\" height=\"29\" \/><\/a><\/p>\n<p><a href=\"http:\/\/feiradosagrado.com.br\/wp-content\/uploads\/2021\/07\/WHATSAPPCOMP.png\"><img decoding=\"async\" class=\"alignnone wp-image-1121\" src=\"http:\/\/feiradosagrado.com.br\/wp-content\/uploads\/2021\/07\/WHATSAPPCOMP-300x136.png\" alt=\"\" width=\"223\" height=\"101\" srcset=\"https:\/\/feiradosagrado.com.br\/wp-content\/uploads\/2021\/07\/WHATSAPPCOMP-300x136.png 300w, https:\/\/feiradosagrado.com.br\/wp-content\/uploads\/2021\/07\/WHATSAPPCOMP-1024x465.png 1024w, https:\/\/feiradosagrado.com.br\/wp-content\/uploads\/2021\/07\/WHATSAPPCOMP-768x349.png 768w, https:\/\/feiradosagrado.com.br\/wp-content\/uploads\/2021\/07\/WHATSAPPCOMP-1536x698.png 1536w, https:\/\/feiradosagrado.com.br\/wp-content\/uploads\/2021\/07\/WHATSAPPCOMP-1200x545.png 1200w, https:\/\/feiradosagrado.com.br\/wp-content\/uploads\/2021\/07\/WHATSAPPCOMP-600x273.png 600w, https:\/\/feiradosagrado.com.br\/wp-content\/uploads\/2021\/07\/WHATSAPPCOMP.png 1765w\" sizes=\"(max-width: 223px) 100vw, 223px\" \/><\/a><\/p>\n","protected":false},"featured_media":1303,"comment_status":"open","ping_status":"closed","template":"","meta":[],"product_brand":[],"product_cat":[21,139,140],"product_tag":[141,142,53,145,143,144],"class_list":{"0":"post-1301","1":"product","2":"type-product","3":"status-publish","4":"has-post-thumbnail","6":"product_cat-artes-plasticas","7":"product_cat-esculturas","8":"product_cat-porcelanas","9":"product_tag-canecas","10":"product_tag-enfeites","11":"product_tag-esculturas","12":"product_tag-feito-a-mao","13":"product_tag-matriz-africana","14":"product_tag-orixas","16":"first","17":"instock","18":"shipping-taxable","19":"product-type-simple"},"_links":{"self":[{"href":"https:\/\/feiradosagrado.com.br\/index.php?rest_route=\/wp\/v2\/product\/1301","targetHints":{"allow":["GET"]}}],"collection":[{"href":"https:\/\/feiradosagrado.com.br\/index.php?rest_route=\/wp\/v2\/product"}],"about":[{"href":"https:\/\/feiradosagrado.com.br\/index.php?rest_route=\/wp\/v2\/types\/product"}],"replies":[{"embeddable":true,"href":"https:\/\/feiradosagrado.com.br\/index.php?rest_route=%2Fwp%2Fv2%2Fcomments&post=1301"}],"wp:featuredmedia":[{"embeddable":true,"href":"https:\/\/feiradosagrado.com.br\/index.php?rest_route=\/wp\/v2\/media\/1303"}],"wp:attachment":[{"href":"https:\/\/feiradosagrado.com.br\/index.php?rest_route=%2Fwp%2Fv2%2Fmedia&parent=1301"}],"wp:term":[{"taxonomy":"product_brand","embeddable":true,"href":"https:\/\/feiradosagrado.com.br\/index.php?rest_route=%2Fwp%2Fv2%2Fproduct_brand&post=1301"},{"taxonomy":"product_cat","embeddable":true,"href":"https:\/\/feiradosagrado.com.br\/index.php?rest_route=%2Fwp%2Fv2%2Fproduct_cat&post=1301"},{"taxonomy":"product_tag","embeddable":true,"href":"https:\/\/feiradosagrado.com.br\/index.php?rest_route=%2Fwp%2Fv2%2Fproduct_tag&post=1301"}],"curies":[{"name":"wp","href":"https:\/\/api.w.org\/{rel}","templated":true}]}}