{"id":1281,"date":"2021-11-24T18:49:25","date_gmt":"2021-11-24T21:49:25","guid":{"rendered":"http:\/\/feiradosagrado.com.br\/?post_type=product&#038;p=1281"},"modified":"2021-11-26T09:11:32","modified_gmt":"2021-11-26T12:11:32","slug":"ori-ade","status":"publish","type":"product","link":"https:\/\/feiradosagrado.com.br\/?product=ori-ade","title":{"rendered":"Ori Ad\u00ea"},"content":{"rendered":"","protected":false},"excerpt":{"rendered":"<p>Ori ad\u00ea (enfeite de cabe\u00e7a). Adere\u00e7os afro religioso<\/p>\n<p><strong>Telefone:<\/strong> (71) 99253-4314<\/p>\n<p><a href=\"http:\/\/feiradosagrado.com.br\/wp-content\/uploads\/2021\/11\/ORIAGDFE.png\"><img decoding=\"async\" class=\"alignnone wp-image-1282\" src=\"http:\/\/feiradosagrado.com.br\/wp-content\/uploads\/2021\/11\/ORIAGDFE.png\" alt=\"\" width=\"226\" height=\"32\" \/><\/a><\/p>\n<p><a href=\"http:\/\/feiradosagrado.com.br\/wp-content\/uploads\/2021\/07\/WHATSAPPCOMP.png\"><img decoding=\"async\" class=\"alignnone wp-image-1121\" src=\"http:\/\/feiradosagrado.com.br\/wp-content\/uploads\/2021\/07\/WHATSAPPCOMP-300x136.png\" alt=\"\" width=\"247\" height=\"112\" srcset=\"https:\/\/feiradosagrado.com.br\/wp-content\/uploads\/2021\/07\/WHATSAPPCOMP-300x136.png 300w, https:\/\/feiradosagrado.com.br\/wp-content\/uploads\/2021\/07\/WHATSAPPCOMP-1024x465.png 1024w, https:\/\/feiradosagrado.com.br\/wp-content\/uploads\/2021\/07\/WHATSAPPCOMP-768x349.png 768w, https:\/\/feiradosagrado.com.br\/wp-content\/uploads\/2021\/07\/WHATSAPPCOMP-1536x698.png 1536w, https:\/\/feiradosagrado.com.br\/wp-content\/uploads\/2021\/07\/WHATSAPPCOMP-1200x545.png 1200w, https:\/\/feiradosagrado.com.br\/wp-content\/uploads\/2021\/07\/WHATSAPPCOMP-600x273.png 600w, https:\/\/feiradosagrado.com.br\/wp-content\/uploads\/2021\/07\/WHATSAPPCOMP.png 1765w\" sizes=\"(max-width: 247px) 100vw, 247px\" \/><\/a><\/p>\n","protected":false},"featured_media":0,"comment_status":"open","ping_status":"closed","template":"","meta":[],"product_brand":[],"product_cat":[56,74,117],"product_tag":[119,67,120,118,49],"class_list":{"0":"post-1281","1":"product","2":"type-product","3":"status-publish","5":"product_cat-acessorios-e-artes","6":"product_cat-moda-afro","7":"product_cat-turbantes","8":"product_tag-adereco","9":"product_tag-afro","10":"product_tag-cabeca","11":"product_tag-enfeite","12":"product_tag-turbantes","13":"pa_marca-ori-ade","15":"first","16":"instock","17":"shipping-taxable","18":"product-type-simple"},"_links":{"self":[{"href":"https:\/\/feiradosagrado.com.br\/index.php?rest_route=\/wp\/v2\/product\/1281","targetHints":{"allow":["GET"]}}],"collection":[{"href":"https:\/\/feiradosagrado.com.br\/index.php?rest_route=\/wp\/v2\/product"}],"about":[{"href":"https:\/\/feiradosagrado.com.br\/index.php?rest_route=\/wp\/v2\/types\/product"}],"replies":[{"embeddable":true,"href":"https:\/\/feiradosagrado.com.br\/index.php?rest_route=%2Fwp%2Fv2%2Fcomments&post=1281"}],"wp:attachment":[{"href":"https:\/\/feiradosagrado.com.br\/index.php?rest_route=%2Fwp%2Fv2%2Fmedia&parent=1281"}],"wp:term":[{"taxonomy":"product_brand","embeddable":true,"href":"https:\/\/feiradosagrado.com.br\/index.php?rest_route=%2Fwp%2Fv2%2Fproduct_brand&post=1281"},{"taxonomy":"product_cat","embeddable":true,"href":"https:\/\/feiradosagrado.com.br\/index.php?rest_route=%2Fwp%2Fv2%2Fproduct_cat&post=1281"},{"taxonomy":"product_tag","embeddable":true,"href":"https:\/\/feiradosagrado.com.br\/index.php?rest_route=%2Fwp%2Fv2%2Fproduct_tag&post=1281"}],"curies":[{"name":"wp","href":"https:\/\/api.w.org\/{rel}","templated":true}]}}