{"id":1223,"date":"2021-11-24T16:26:42","date_gmt":"2021-11-24T19:26:42","guid":{"rendered":"http:\/\/feiradosagrado.com.br\/?post_type=product&#038;p=1223"},"modified":"2021-11-26T09:19:38","modified_gmt":"2021-11-26T12:19:38","slug":"nossa-raiz-camisas-chapeus-bones-azulejos-e-bolsas","status":"publish","type":"product","link":"https:\/\/feiradosagrado.com.br\/?product=nossa-raiz-camisas-chapeus-bones-azulejos-e-bolsas","title":{"rendered":"Nossa Raiz &#8211; Camisas, chap\u00e9us, bon\u00e9s, azulejos e bolsas."},"content":{"rendered":"","protected":false},"excerpt":{"rendered":"<p><strong>Nossa Raiz<\/strong><\/p>\n<p><a href=\"http:\/\/feiradosagrado.com.br\/wp-content\/uploads\/2021\/11\/Nossa-Raiz.jpg\"><img decoding=\"async\" class=\"alignnone wp-image-1225\" src=\"http:\/\/feiradosagrado.com.br\/wp-content\/uploads\/2021\/11\/Nossa-Raiz.jpg\" alt=\"\" width=\"209\" height=\"143\" \/><\/a><\/p>\n<p>Vestir, usar e ser a Nossa Raiz \u00e9 sentir na pele e no cora\u00e7\u00e3o, a Salvador que habita em n\u00f3s.<br \/>\nNossa Raiz \u00e9 muito mais que uma marca, s\u00e3o misturas de sensa\u00e7\u00f5es. Feita para soteropolitanos barril, baianxs porretas, nordestinxs arretadxs, brasileirxs com dend\u00ea e gringos com borogod\u00f3.<\/p>\n<p>Camisas, chap\u00e9us, bon\u00e9s, azulejos e bolsas.<\/p>\n<p><strong>Telefone:<\/strong> (71) 99220-1992 \/ (71) 986535440<\/p>\n<p><a href=\"https:\/\/www.instagram.com\/lojanossaraiz\/\"><img decoding=\"async\" class=\"alignnone wp-image-1224\" src=\"http:\/\/feiradosagrado.com.br\/wp-content\/uploads\/2021\/11\/LOJNOSRAI.png\" alt=\"\" width=\"192\" height=\"27\" \/><\/a><\/p>\n<p><a href=\"http:\/\/feiradosagrado.com.br\/wp-content\/uploads\/2021\/07\/WHATSAPPCOMP.png\"><img decoding=\"async\" class=\"alignnone wp-image-1121\" src=\"http:\/\/feiradosagrado.com.br\/wp-content\/uploads\/2021\/07\/WHATSAPPCOMP-300x136.png\" alt=\"\" width=\"223\" height=\"101\" srcset=\"https:\/\/feiradosagrado.com.br\/wp-content\/uploads\/2021\/07\/WHATSAPPCOMP-300x136.png 300w, https:\/\/feiradosagrado.com.br\/wp-content\/uploads\/2021\/07\/WHATSAPPCOMP-1024x465.png 1024w, https:\/\/feiradosagrado.com.br\/wp-content\/uploads\/2021\/07\/WHATSAPPCOMP-768x349.png 768w, https:\/\/feiradosagrado.com.br\/wp-content\/uploads\/2021\/07\/WHATSAPPCOMP-1536x698.png 1536w, https:\/\/feiradosagrado.com.br\/wp-content\/uploads\/2021\/07\/WHATSAPPCOMP-1200x545.png 1200w, https:\/\/feiradosagrado.com.br\/wp-content\/uploads\/2021\/07\/WHATSAPPCOMP-600x273.png 600w, https:\/\/feiradosagrado.com.br\/wp-content\/uploads\/2021\/07\/WHATSAPPCOMP.png 1765w\" sizes=\"(max-width: 223px) 100vw, 223px\" \/><\/a><\/p>\n","protected":false},"featured_media":1227,"comment_status":"open","ping_status":"closed","template":"","meta":[],"product_brand":[],"product_cat":[56],"product_tag":[60,61,58,57,59],"class_list":{"0":"post-1223","1":"product","2":"type-product","3":"status-publish","4":"has-post-thumbnail","6":"product_cat-acessorios-e-artes","7":"product_tag-azulejo","8":"product_tag-bolsas","9":"product_tag-bones","10":"product_tag-camisas","11":"product_tag-chapeus","12":"pa_marca-nossa-raiz","14":"first","15":"instock","16":"shipping-taxable","17":"product-type-simple"},"_links":{"self":[{"href":"https:\/\/feiradosagrado.com.br\/index.php?rest_route=\/wp\/v2\/product\/1223","targetHints":{"allow":["GET"]}}],"collection":[{"href":"https:\/\/feiradosagrado.com.br\/index.php?rest_route=\/wp\/v2\/product"}],"about":[{"href":"https:\/\/feiradosagrado.com.br\/index.php?rest_route=\/wp\/v2\/types\/product"}],"replies":[{"embeddable":true,"href":"https:\/\/feiradosagrado.com.br\/index.php?rest_route=%2Fwp%2Fv2%2Fcomments&post=1223"}],"wp:featuredmedia":[{"embeddable":true,"href":"https:\/\/feiradosagrado.com.br\/index.php?rest_route=\/wp\/v2\/media\/1227"}],"wp:attachment":[{"href":"https:\/\/feiradosagrado.com.br\/index.php?rest_route=%2Fwp%2Fv2%2Fmedia&parent=1223"}],"wp:term":[{"taxonomy":"product_brand","embeddable":true,"href":"https:\/\/feiradosagrado.com.br\/index.php?rest_route=%2Fwp%2Fv2%2Fproduct_brand&post=1223"},{"taxonomy":"product_cat","embeddable":true,"href":"https:\/\/feiradosagrado.com.br\/index.php?rest_route=%2Fwp%2Fv2%2Fproduct_cat&post=1223"},{"taxonomy":"product_tag","embeddable":true,"href":"https:\/\/feiradosagrado.com.br\/index.php?rest_route=%2Fwp%2Fv2%2Fproduct_tag&post=1223"}],"curies":[{"name":"wp","href":"https:\/\/api.w.org\/{rel}","templated":true}]}}