{"id":1445,"date":"2021-11-25T16:16:20","date_gmt":"2021-11-25T19:16:20","guid":{"rendered":"http:\/\/feiradosagrado.com.br\/?page_id=1445"},"modified":"2021-11-25T16:25:38","modified_gmt":"2021-11-25T19:25:38","slug":"institucional","status":"publish","type":"page","link":"https:\/\/feiradosagrado.com.br\/?page_id=1445","title":{"rendered":"INSTITUCIONAL"},"content":{"rendered":"\t\t<div data-elementor-type=\"wp-page\" data-elementor-id=\"1445\" class=\"elementor elementor-1445\" data-elementor-post-type=\"page\">\n\t\t\t\t\t\t<section class=\"elementor-section elementor-top-section elementor-element elementor-element-9f1baa0 elementor-section-boxed elementor-section-height-default elementor-section-height-default\" data-id=\"9f1baa0\" data-element_type=\"section\">\n\t\t\t\t\t\t<div class=\"elementor-container elementor-column-gap-default\">\n\t\t\t\t\t<div class=\"elementor-column elementor-col-50 elementor-top-column elementor-element elementor-element-edf40e1\" data-id=\"edf40e1\" data-element_type=\"column\">\n\t\t\t<div class=\"elementor-widget-wrap elementor-element-populated\">\n\t\t\t\t\t\t<div class=\"elementor-element elementor-element-4e0007e elementor-invisible elementor-widget elementor-widget-image\" data-id=\"4e0007e\" data-element_type=\"widget\" data-settings=\"{&quot;_animation&quot;:&quot;fadeInLeft&quot;}\" data-widget_type=\"image.default\">\n\t\t\t\t<div class=\"elementor-widget-container\">\n\t\t\t\t\t\t\t\t\t\t\t\t\t\t\t<img decoding=\"async\" width=\"130\" height=\"131\" src=\"https:\/\/feiradosagrado.com.br\/wp-content\/uploads\/2020\/11\/LOGO-7.png\" class=\"attachment-large size-large wp-image-296\" alt=\"\" srcset=\"https:\/\/feiradosagrado.com.br\/wp-content\/uploads\/2020\/11\/LOGO-7.png 130w, https:\/\/feiradosagrado.com.br\/wp-content\/uploads\/2020\/11\/LOGO-7-100x100.png 100w\" sizes=\"(max-width: 130px) 100vw, 130px\" \/>\t\t\t\t\t\t\t\t\t\t\t\t\t\t\t<\/div>\n\t\t\t\t<\/div>\n\t\t\t\t<div class=\"elementor-element elementor-element-b8875aa elementor-widget elementor-widget-heading\" data-id=\"b8875aa\" data-element_type=\"widget\" data-widget_type=\"heading.default\">\n\t\t\t\t<div class=\"elementor-widget-container\">\n\t\t\t\t\t<h2 class=\"elementor-heading-title elementor-size-default\">Feira de Economia Arte e Cultura do Sagrado <\/h2>\t\t\t\t<\/div>\n\t\t\t\t<\/div>\n\t\t\t\t<div class=\"elementor-element elementor-element-0835fc9 elementor-widget elementor-widget-heading\" data-id=\"0835fc9\" data-element_type=\"widget\" data-widget_type=\"heading.default\">\n\t\t\t\t<div class=\"elementor-widget-container\">\n\t\t\t\t\t<h2 class=\"elementor-heading-title elementor-size-default\">Edi\u00e7\u00e3o Virtual <\/h2>\t\t\t\t<\/div>\n\t\t\t\t<\/div>\n\t\t\t\t<div class=\"elementor-element elementor-element-cfc44ed elementor-widget elementor-widget-text-editor\" data-id=\"cfc44ed\" data-element_type=\"widget\" data-widget_type=\"text-editor.default\">\n\t\t\t\t<div class=\"elementor-widget-container\">\n\t\t\t\t\t\t\t\t\t<p>Com a realiza\u00e7\u00e3o da edi\u00e7\u00e3o virtual da Feira de Economia, Arte e Cultura do Sagrado, a Entidade Cultural Cortejo Afro, prop\u00f5e a cria\u00e7\u00e3o um espa\u00e7o digital para proporcionar a divulga\u00e7\u00e3o e o escoamento de produtos e servi\u00e7os, produzidos e ofertados empreendimentos desenvolvidos pela popula\u00e7\u00e3o negra e por Povos e Comunidades Tradicionais, proporcionado trabalho e renda para os Artistas do Sagrado impactados economicamente pela pandemia da Covid-19.<\/p><p>Tem o objetivo de reunir, em um mesmo cat\u00e1logo virtual, e assim apresentar a cadeia produtiva e incentivar a cria\u00e7\u00e3o de artistas envolvidos com a produ\u00e7\u00e3o material sagrado das religi\u00f5es de matriz africana e empreendedores negros, em especial jovens e mulheres pertencentes a comunidades de Terreiro e Povos de Comunidades Tradicionais, sob a chancela do Cortejo Afro, que \u00e9 uma institui\u00e7\u00e3o reconhecida por combater o racismo atrav\u00e9s da arte, por privilegiar as quest\u00f5es est\u00e9ticas, e por desenvolver trabalhos junto \u00e0 comunidade durante o ano inteiro, respeitando a diversidade e visando o desenvolvimento.<\/p><p>Para auxiliar o desenvolvimento dos neg\u00f3cios, propomos ainda a realiza\u00e7\u00e3o de capacita\u00e7\u00f5es e forma\u00e7\u00f5es, transmitidos por meio do canal Youtube Cortejo Afro Oficial (<a href=\"https:\/\/www.youtube.com\/cortejoafrooficial\">https:\/\/www.youtube.com\/cortejoafrooficial<\/a>).<\/p>\t\t\t\t\t\t\t\t<\/div>\n\t\t\t\t<\/div>\n\t\t\t\t\t<\/div>\n\t\t<\/div>\n\t\t\t\t<div class=\"elementor-column elementor-col-50 elementor-top-column elementor-element elementor-element-003740e\" data-id=\"003740e\" data-element_type=\"column\">\n\t\t\t<div class=\"elementor-widget-wrap elementor-element-populated\">\n\t\t\t\t\t\t<div class=\"elementor-element elementor-element-13fb06d elementor-invisible elementor-widget elementor-widget-image\" data-id=\"13fb06d\" data-element_type=\"widget\" data-settings=\"{&quot;_animation&quot;:&quot;fadeInRight&quot;}\" data-widget_type=\"image.default\">\n\t\t\t\t<div class=\"elementor-widget-container\">\n\t\t\t\t\t\t\t\t\t\t\t\t\t\t\t<img fetchpriority=\"high\" decoding=\"async\" width=\"552\" height=\"448\" src=\"https:\/\/feiradosagrado.com.br\/wp-content\/uploads\/2020\/12\/COTRGHY.png\" class=\"attachment-large size-large wp-image-926\" alt=\"\" srcset=\"https:\/\/feiradosagrado.com.br\/wp-content\/uploads\/2020\/12\/COTRGHY.png 552w, https:\/\/feiradosagrado.com.br\/wp-content\/uploads\/2020\/12\/COTRGHY-300x243.png 300w\" sizes=\"(max-width: 552px) 100vw, 552px\" \/>\t\t\t\t\t\t\t\t\t\t\t\t\t\t\t<\/div>\n\t\t\t\t<\/div>\n\t\t\t\t<div class=\"elementor-element elementor-element-20f4bf4 elementor-widget elementor-widget-heading\" data-id=\"20f4bf4\" data-element_type=\"widget\" data-widget_type=\"heading.default\">\n\t\t\t\t<div class=\"elementor-widget-container\">\n\t\t\t\t\t<h2 class=\"elementor-heading-title elementor-size-default\">Entidade Cultural Cortejo Afro <\/h2>\t\t\t\t<\/div>\n\t\t\t\t<\/div>\n\t\t\t\t<div class=\"elementor-element elementor-element-fd53007 elementor-widget elementor-widget-text-editor\" data-id=\"fd53007\" data-element_type=\"widget\" data-widget_type=\"text-editor.default\">\n\t\t\t\t<div class=\"elementor-widget-container\">\n\t\t\t\t\t\t\t\t\t<p>\u00c0s margens da Bacia do Cobre, no Parque S\u00e3o Bartolomeu, em Salvador\u2013BA, nos limites do Il\u00ea Ax\u00e9 Oy\u00e1, nasce a Entidade Cultural Cortejo Afro, em 2 de julho de 1998. O grupo foi idealizado pelo artista pl\u00e1stico Alberto Pitta que, h\u00e1 mais de 35 anos, desenvolve trabalhos ligados \u00e0 est\u00e9tica e cultura africana.<\/p><p>Na \u00e1rea social, desenvolvemos trabalhos durante o ano inteiro, como Semin\u00e1rios e Exposi\u00e7\u00f5es; Cursos de forma\u00e7\u00e3o profissional; Interc\u00e2mbios culturais e Feiras de incentivo ao empreendedorismo, respeitando a diversidade e visando o desenvolvimento, que resultam nos desfiles do Bloco Cortejo, que geram trabalho e renda para nossa comunidade h\u00e1 22 anos.<\/p><p>A nossa vertente musical \u00e9 a Banda Cortejo Afro, que ressalta a autenticidade das influ\u00eancias africanas em nossa m\u00fasica, promovendo experi\u00eancias est\u00e9ticas inovadoras que unem dan\u00e7a, m\u00fasica e artes visuais em um mesmo espet\u00e1culo.<\/p>\t\t\t\t\t\t\t\t<\/div>\n\t\t\t\t<\/div>\n\t\t\t\t\t<\/div>\n\t\t<\/div>\n\t\t\t\t\t<\/div>\n\t\t<\/section>\n\t\t\t\t<\/div>\n\t\t","protected":false},"excerpt":{"rendered":"<p>Feira de Economia Arte e Cultura do Sagrado Edi\u00e7\u00e3o Virtual Com a realiza\u00e7\u00e3o da edi\u00e7\u00e3o virtual da Feira de Economia, Arte e Cultura do Sagrado, a Entidade Cultural Cortejo Afro, prop\u00f5e a cria\u00e7\u00e3o um espa\u00e7o digital para proporcionar a divulga\u00e7\u00e3o e o escoamento de produtos e servi\u00e7os, produzidos e ofertados empreendimentos desenvolvidos pela popula\u00e7\u00e3o negra [&hellip;]<\/p>\n","protected":false},"author":1,"featured_media":0,"parent":0,"menu_order":0,"comment_status":"closed","ping_status":"closed","template":"elementor_header_footer","meta":{"footnotes":""},"class_list":["post-1445","page","type-page","status-publish","hentry"],"_links":{"self":[{"href":"https:\/\/feiradosagrado.com.br\/index.php?rest_route=\/wp\/v2\/pages\/1445","targetHints":{"allow":["GET"]}}],"collection":[{"href":"https:\/\/feiradosagrado.com.br\/index.php?rest_route=\/wp\/v2\/pages"}],"about":[{"href":"https:\/\/feiradosagrado.com.br\/index.php?rest_route=\/wp\/v2\/types\/page"}],"author":[{"embeddable":true,"href":"https:\/\/feiradosagrado.com.br\/index.php?rest_route=\/wp\/v2\/users\/1"}],"replies":[{"embeddable":true,"href":"https:\/\/feiradosagrado.com.br\/index.php?rest_route=%2Fwp%2Fv2%2Fcomments&post=1445"}],"version-history":[{"count":16,"href":"https:\/\/feiradosagrado.com.br\/index.php?rest_route=\/wp\/v2\/pages\/1445\/revisions"}],"predecessor-version":[{"id":1461,"href":"https:\/\/feiradosagrado.com.br\/index.php?rest_route=\/wp\/v2\/pages\/1445\/revisions\/1461"}],"wp:attachment":[{"href":"https:\/\/feiradosagrado.com.br\/index.php?rest_route=%2Fwp%2Fv2%2Fmedia&parent=1445"}],"curies":[{"name":"wp","href":"https:\/\/api.w.org\/{rel}","templated":true}]}}